{"id":239,"date":"2023-02-18T16:44:47","date_gmt":"2023-02-18T16:44:47","guid":{"rendered":"https:\/\/tecnodigitalymas.com\/?page_id=239"},"modified":"2023-02-18T17:07:46","modified_gmt":"2023-02-18T17:07:46","slug":"inicio","status":"publish","type":"page","link":"https:\/\/tecnodigitalymas.com\/index.php\/inicio\/","title":{"rendered":"Inicio"},"content":{"rendered":"\t\t<div data-elementor-type=\"wp-page\" data-elementor-id=\"239\" class=\"elementor elementor-239\">\n\t\t\t\t\t\t\t\t\t<section class=\"elementor-section elementor-top-section elementor-element elementor-element-5be0926 elementor-section-boxed elementor-section-height-default elementor-section-height-default\" data-id=\"5be0926\" data-element_type=\"section\">\n\t\t\t\t\t\t<div class=\"elementor-container elementor-column-gap-default\">\n\t\t\t\t\t<div class=\"elementor-column elementor-col-50 elementor-top-column elementor-element elementor-element-c10906a\" data-id=\"c10906a\" data-element_type=\"column\">\n\t\t\t<div class=\"elementor-widget-wrap elementor-element-populated\">\n\t\t\t\t\t\t\t\t<div class=\"elementor-element elementor-element-d947469 elementor-widget elementor-widget-image\" data-id=\"d947469\" data-element_type=\"widget\" data-widget_type=\"image.default\">\n\t\t\t\t<div class=\"elementor-widget-container\">\n\t\t\t<style>\/*! elementor - v3.13.3 - 28-05-2023 *\/\n.elementor-widget-image{text-align:center}.elementor-widget-image a{display:inline-block}.elementor-widget-image a img[src$=\".svg\"]{width:48px}.elementor-widget-image img{vertical-align:middle;display:inline-block}<\/style>\t\t\t\t\t\t\t\t\t\t\t\t<img loading=\"lazy\" decoding=\"async\" width=\"960\" height=\"640\" src=\"https:\/\/tecnodigitalymas.com\/wp-content\/uploads\/2023\/02\/portada.jpg\" class=\"attachment-large size-large wp-image-249\" alt=\"tecnologia digital\" srcset=\"https:\/\/tecnodigitalymas.com\/wp-content\/uploads\/2023\/02\/portada.jpg 960w, https:\/\/tecnodigitalymas.com\/wp-content\/uploads\/2023\/02\/portada-300x200.jpg 300w, https:\/\/tecnodigitalymas.com\/wp-content\/uploads\/2023\/02\/portada-768x512.jpg 768w\" sizes=\"(max-width: 960px) 100vw, 960px\" \/>\t\t\t\t\t\t\t\t\t\t\t\t\t\t\t<\/div>\n\t\t\t\t<\/div>\n\t\t\t\t\t<\/div>\n\t\t<\/div>\n\t\t\t\t<div class=\"elementor-column elementor-col-50 elementor-top-column elementor-element elementor-element-b110166\" data-id=\"b110166\" data-element_type=\"column\">\n\t\t\t<div class=\"elementor-widget-wrap elementor-element-populated\">\n\t\t\t\t\t\t\t\t<div class=\"elementor-element elementor-element-43ccd83 elementor-widget elementor-widget-text-editor\" data-id=\"43ccd83\" data-element_type=\"widget\" data-widget_type=\"text-editor.default\">\n\t\t\t\t<div class=\"elementor-widget-container\">\n\t\t\t<style>\/*! elementor - v3.13.3 - 28-05-2023 *\/\n.elementor-widget-text-editor.elementor-drop-cap-view-stacked .elementor-drop-cap{background-color:#69727d;color:#fff}.elementor-widget-text-editor.elementor-drop-cap-view-framed .elementor-drop-cap{color:#69727d;border:3px solid;background-color:transparent}.elementor-widget-text-editor:not(.elementor-drop-cap-view-default) .elementor-drop-cap{margin-top:8px}.elementor-widget-text-editor:not(.elementor-drop-cap-view-default) .elementor-drop-cap-letter{width:1em;height:1em}.elementor-widget-text-editor .elementor-drop-cap{float:left;text-align:center;line-height:1;font-size:50px}.elementor-widget-text-editor .elementor-drop-cap-letter{display:inline-block}<\/style>\t\t\t\t<p>\u00a1Bienvenido\/a a nuestra p\u00e1gina web de tecnolog\u00eda digital! Aqu\u00ed encontrar\u00e1s las \u00faltimas noticias y tendencias en el mundo de la tecnolog\u00eda. Ya seas un entusiasta de la tecnolog\u00eda o simplemente est\u00e9s buscando mejorar tu experiencia digital, estamos aqu\u00ed para ayudarte. Explora nuestra web y descubre c\u00f3mo podemos ayudarte a aprovechar al m\u00e1ximo la tecnolog\u00eda digital.<\/p><p>\u00a0<\/p><p>En la era digital en la que vivimos, estar al d\u00eda con las \u00faltimas tendencias y avances en tecnolog\u00eda es fundamental. En nuestra p\u00e1gina web, encontrar\u00e1s una secci\u00f3n dedicada a noticias de tecnolog\u00eda, donde podr\u00e1s estar al tanto de las \u00faltimas tendencias y avances. Adem\u00e1s, ofrecemos tutoriales y gu\u00edas pr\u00e1cticas para ayudarte a sacar el m\u00e1ximo provecho de tus dispositivos y aplicaciones. \u00danete a nuestra comunidad y descubre c\u00f3mo la tecnolog\u00eda digital puede mejorar tu vida diaria.\u00a0<\/p>\t\t\t\t\t\t<\/div>\n\t\t\t\t<\/div>\n\t\t\t\t\t<\/div>\n\t\t<\/div>\n\t\t\t\t\t\t\t<\/div>\n\t\t<\/section>\n\t\t\t\t<section class=\"elementor-section elementor-top-section elementor-element elementor-element-580a178 elementor-section-boxed elementor-section-height-default elementor-section-height-default\" data-id=\"580a178\" data-element_type=\"section\">\n\t\t\t\t\t\t<div class=\"elementor-container elementor-column-gap-default\">\n\t\t\t\t\t<div class=\"elementor-column elementor-col-100 elementor-top-column elementor-element elementor-element-847f702\" data-id=\"847f702\" data-element_type=\"column\">\n\t\t\t<div class=\"elementor-widget-wrap elementor-element-populated\">\n\t\t\t\t\t\t\t\t<div class=\"elementor-element elementor-element-d604b2d elementor-nav-menu--dropdown-tablet elementor-nav-menu__text-align-aside elementor-nav-menu--toggle elementor-nav-menu--burger elementor-widget elementor-widget-nav-menu\" data-id=\"d604b2d\" data-element_type=\"widget\" data-settings=\"{&quot;layout&quot;:&quot;horizontal&quot;,&quot;submenu_icon&quot;:{&quot;value&quot;:&quot;&lt;i class=\\&quot;fas fa-caret-down\\&quot;&gt;&lt;\\\/i&gt;&quot;,&quot;library&quot;:&quot;fa-solid&quot;},&quot;toggle&quot;:&quot;burger&quot;}\" data-widget_type=\"nav-menu.default\">\n\t\t\t\t<div class=\"elementor-widget-container\">\n\t\t\t<link rel=\"stylesheet\" href=\"https:\/\/tecnodigitalymas.com\/wp-content\/plugins\/elementor-pro\/assets\/css\/widget-nav-menu.min.css\">\t\t\t<nav class=\"elementor-nav-menu--main elementor-nav-menu__container elementor-nav-menu--layout-horizontal e--pointer-underline e--animation-fade\">\n\t\t\t\t<ul id=\"menu-1-d604b2d\" class=\"elementor-nav-menu\"><li class=\"menu-item menu-item-type-custom menu-item-object-custom menu-item-home menu-item-378\"><a href=\"https:\/\/tecnodigitalymas.com\" class=\"elementor-item\">Inicio<\/a><\/li>\n<li class=\"menu-item menu-item-type-taxonomy menu-item-object-category menu-item-379\"><a href=\"https:\/\/tecnodigitalymas.com\/index.php\/category\/fotografia\/\" class=\"elementor-item\">Fotografia<\/a><\/li>\n<li class=\"menu-item menu-item-type-taxonomy menu-item-object-category menu-item-380\"><a href=\"https:\/\/tecnodigitalymas.com\/index.php\/category\/dispositivos\/\" class=\"elementor-item\">Dispositivos<\/a><\/li>\n<li class=\"menu-item menu-item-type-taxonomy menu-item-object-category menu-item-381\"><a href=\"https:\/\/tecnodigitalymas.com\/index.php\/category\/tecnologia\/\" class=\"elementor-item\">Tecnologia<\/a><\/li>\n<li class=\"menu-item menu-item-type-taxonomy menu-item-object-category menu-item-382\"><a href=\"https:\/\/tecnodigitalymas.com\/index.php\/category\/diseno\/\" class=\"elementor-item\">Dise\u00f1o<\/a><\/li>\n<li class=\"menu-item menu-item-type-taxonomy menu-item-object-category menu-item-383\"><a href=\"https:\/\/tecnodigitalymas.com\/index.php\/category\/negocios\/\" class=\"elementor-item\">Negocios<\/a><\/li>\n<li class=\"menu-item menu-item-type-taxonomy menu-item-object-category menu-item-384\"><a href=\"https:\/\/tecnodigitalymas.com\/index.php\/category\/juegos\/\" class=\"elementor-item\">Juegos<\/a><\/li>\n<\/ul>\t\t\t<\/nav>\n\t\t\t\t\t<div class=\"elementor-menu-toggle\" role=\"button\" tabindex=\"0\" aria-label=\"Menu Toggle\" aria-expanded=\"false\">\n\t\t\t<i aria-hidden=\"true\" role=\"presentation\" class=\"elementor-menu-toggle__icon--open eicon-menu-bar\"><\/i><i aria-hidden=\"true\" role=\"presentation\" class=\"elementor-menu-toggle__icon--close eicon-close\"><\/i>\t\t\t<span class=\"elementor-screen-only\">Menu<\/span>\n\t\t<\/div>\n\t\t\t\t\t<nav class=\"elementor-nav-menu--dropdown elementor-nav-menu__container\" aria-hidden=\"true\">\n\t\t\t\t<ul id=\"menu-2-d604b2d\" class=\"elementor-nav-menu\"><li class=\"menu-item menu-item-type-custom menu-item-object-custom menu-item-home menu-item-378\"><a href=\"https:\/\/tecnodigitalymas.com\" class=\"elementor-item\" tabindex=\"-1\">Inicio<\/a><\/li>\n<li class=\"menu-item menu-item-type-taxonomy menu-item-object-category menu-item-379\"><a href=\"https:\/\/tecnodigitalymas.com\/index.php\/category\/fotografia\/\" class=\"elementor-item\" tabindex=\"-1\">Fotografia<\/a><\/li>\n<li class=\"menu-item menu-item-type-taxonomy menu-item-object-category menu-item-380\"><a href=\"https:\/\/tecnodigitalymas.com\/index.php\/category\/dispositivos\/\" class=\"elementor-item\" tabindex=\"-1\">Dispositivos<\/a><\/li>\n<li class=\"menu-item menu-item-type-taxonomy menu-item-object-category menu-item-381\"><a href=\"https:\/\/tecnodigitalymas.com\/index.php\/category\/tecnologia\/\" class=\"elementor-item\" tabindex=\"-1\">Tecnologia<\/a><\/li>\n<li class=\"menu-item menu-item-type-taxonomy menu-item-object-category menu-item-382\"><a href=\"https:\/\/tecnodigitalymas.com\/index.php\/category\/diseno\/\" class=\"elementor-item\" tabindex=\"-1\">Dise\u00f1o<\/a><\/li>\n<li class=\"menu-item menu-item-type-taxonomy menu-item-object-category menu-item-383\"><a href=\"https:\/\/tecnodigitalymas.com\/index.php\/category\/negocios\/\" class=\"elementor-item\" tabindex=\"-1\">Negocios<\/a><\/li>\n<li class=\"menu-item menu-item-type-taxonomy menu-item-object-category menu-item-384\"><a href=\"https:\/\/tecnodigitalymas.com\/index.php\/category\/juegos\/\" class=\"elementor-item\" tabindex=\"-1\">Juegos<\/a><\/li>\n<\/ul>\t\t\t<\/nav>\n\t\t\t\t<\/div>\n\t\t\t\t<\/div>\n\t\t\t\t\t<\/div>\n\t\t<\/div>\n\t\t\t\t\t\t\t<\/div>\n\t\t<\/section>\n\t\t\t\t<section class=\"elementor-section elementor-top-section elementor-element elementor-element-c79d39f elementor-section-boxed elementor-section-height-default elementor-section-height-default\" data-id=\"c79d39f\" data-element_type=\"section\">\n\t\t\t\t\t\t<div class=\"elementor-container elementor-column-gap-default\">\n\t\t\t\t\t<div class=\"elementor-column elementor-col-100 elementor-top-column elementor-element elementor-element-d3ae598\" data-id=\"d3ae598\" data-element_type=\"column\">\n\t\t\t<div class=\"elementor-widget-wrap elementor-element-populated\">\n\t\t\t\t\t\t\t\t<div class=\"elementor-element elementor-element-efd980c elementor-grid-3 elementor-grid-tablet-2 elementor-grid-mobile-1 elementor-posts--thumbnail-top elementor-widget elementor-widget-posts\" data-id=\"efd980c\" data-element_type=\"widget\" data-settings=\"{&quot;classic_columns&quot;:&quot;3&quot;,&quot;classic_columns_tablet&quot;:&quot;2&quot;,&quot;classic_columns_mobile&quot;:&quot;1&quot;,&quot;classic_row_gap&quot;:{&quot;unit&quot;:&quot;px&quot;,&quot;size&quot;:35,&quot;sizes&quot;:[]},&quot;classic_row_gap_tablet&quot;:{&quot;unit&quot;:&quot;px&quot;,&quot;size&quot;:&quot;&quot;,&quot;sizes&quot;:[]},&quot;classic_row_gap_mobile&quot;:{&quot;unit&quot;:&quot;px&quot;,&quot;size&quot;:&quot;&quot;,&quot;sizes&quot;:[]}}\" data-widget_type=\"posts.classic\">\n\t\t\t\t<div class=\"elementor-widget-container\">\n\t\t\t<link rel=\"stylesheet\" href=\"https:\/\/tecnodigitalymas.com\/wp-content\/plugins\/elementor-pro\/assets\/css\/widget-posts.min.css\">\t\t<div class=\"elementor-posts-container elementor-posts elementor-posts--skin-classic elementor-grid\">\n\t\t\t\t<article class=\"elementor-post elementor-grid-item post-488 post type-post status-publish format-standard has-post-thumbnail hentry category-diseno\">\n\t\t\t\t<a class=\"elementor-post__thumbnail__link\" href=\"https:\/\/tecnodigitalymas.com\/index.php\/2024\/05\/06\/como-calmar-la-ansiedad\/\" >\n\t\t\t<div class=\"elementor-post__thumbnail\"><img loading=\"lazy\" decoding=\"async\" width=\"300\" height=\"300\" src=\"https:\/\/tecnodigitalymas.com\/wp-content\/uploads\/2024\/04\/psychology-2422442_1280-300x300.png\" class=\"attachment-medium size-medium wp-image-619\" alt=\"\" srcset=\"https:\/\/tecnodigitalymas.com\/wp-content\/uploads\/2024\/04\/psychology-2422442_1280-300x300.png 300w, https:\/\/tecnodigitalymas.com\/wp-content\/uploads\/2024\/04\/psychology-2422442_1280-1024x1024.png 1024w, https:\/\/tecnodigitalymas.com\/wp-content\/uploads\/2024\/04\/psychology-2422442_1280-150x150.png 150w, https:\/\/tecnodigitalymas.com\/wp-content\/uploads\/2024\/04\/psychology-2422442_1280-768x768.png 768w, https:\/\/tecnodigitalymas.com\/wp-content\/uploads\/2024\/04\/psychology-2422442_1280.png 1280w\" sizes=\"(max-width: 300px) 100vw, 300px\" \/><\/div>\n\t\t<\/a>\n\t\t\t\t<div class=\"elementor-post__text\">\n\t\t\t\t<h3 class=\"elementor-post__title\">\n\t\t\t<a href=\"https:\/\/tecnodigitalymas.com\/index.php\/2024\/05\/06\/como-calmar-la-ansiedad\/\" >\n\t\t\t\tcomo calmar la ansiedad\t\t\t<\/a>\n\t\t<\/h3>\n\t\t\t\t<div class=\"elementor-post__meta-data\">\n\t\t\t\t\t<span class=\"elementor-post-date\">\n\t\t\t6 de May de 2024\t\t<\/span>\n\t\t\t\t<span class=\"elementor-post-avatar\">\n\t\t\tNo Comments\t\t<\/span>\n\t\t\t\t<\/div>\n\t\t\t\t<div class=\"elementor-post__excerpt\">\n\t\t\t<p>Para calmar la ansiedad, es \u00fatil tener varias t\u00e9cnicas a mano. Aqu\u00ed<\/p>\n\t\t<\/div>\n\t\t\n\t\t<a class=\"elementor-post__read-more\" href=\"https:\/\/tecnodigitalymas.com\/index.php\/2024\/05\/06\/como-calmar-la-ansiedad\/\" aria-label=\"Read more about como calmar la ansiedad\" >\n\t\t\tRead More \u00bb\t\t<\/a>\n\n\t\t\t\t<\/div>\n\t\t\t\t<\/article>\n\t\t\t\t<article class=\"elementor-post elementor-grid-item post-495 post type-post status-publish format-standard has-post-thumbnail hentry category-diseno category-juegos\">\n\t\t\t\t<a class=\"elementor-post__thumbnail__link\" href=\"https:\/\/tecnodigitalymas.com\/index.php\/2024\/05\/06\/por-que-mi-cuerpo-pide-azucar\/\" >\n\t\t\t<div class=\"elementor-post__thumbnail\"><img loading=\"lazy\" decoding=\"async\" width=\"300\" height=\"200\" src=\"https:\/\/tecnodigitalymas.com\/wp-content\/uploads\/2024\/04\/sadness-6759823_1280-300x200.jpg\" class=\"attachment-medium size-medium wp-image-617\" alt=\"\" srcset=\"https:\/\/tecnodigitalymas.com\/wp-content\/uploads\/2024\/04\/sadness-6759823_1280-300x200.jpg 300w, https:\/\/tecnodigitalymas.com\/wp-content\/uploads\/2024\/04\/sadness-6759823_1280-1024x682.jpg 1024w, https:\/\/tecnodigitalymas.com\/wp-content\/uploads\/2024\/04\/sadness-6759823_1280-768x512.jpg 768w, https:\/\/tecnodigitalymas.com\/wp-content\/uploads\/2024\/04\/sadness-6759823_1280.jpg 1280w\" sizes=\"(max-width: 300px) 100vw, 300px\" \/><\/div>\n\t\t<\/a>\n\t\t\t\t<div class=\"elementor-post__text\">\n\t\t\t\t<h3 class=\"elementor-post__title\">\n\t\t\t<a href=\"https:\/\/tecnodigitalymas.com\/index.php\/2024\/05\/06\/por-que-mi-cuerpo-pide-azucar\/\" >\n\t\t\t\tpor que mi cuerpo pide azucar\t\t\t<\/a>\n\t\t<\/h3>\n\t\t\t\t<div class=\"elementor-post__meta-data\">\n\t\t\t\t\t<span class=\"elementor-post-date\">\n\t\t\t6 de May de 2024\t\t<\/span>\n\t\t\t\t<span class=\"elementor-post-avatar\">\n\t\t\tNo Comments\t\t<\/span>\n\t\t\t\t<\/div>\n\t\t\t\t<div class=\"elementor-post__excerpt\">\n\t\t\t<p>Nuestros cuerpos pueden anhelar az\u00facar por varias razones: Necesidad de energ\u00eda r\u00e1pida<\/p>\n\t\t<\/div>\n\t\t\n\t\t<a class=\"elementor-post__read-more\" href=\"https:\/\/tecnodigitalymas.com\/index.php\/2024\/05\/06\/por-que-mi-cuerpo-pide-azucar\/\" aria-label=\"Read more about por que mi cuerpo pide azucar\" >\n\t\t\tRead More \u00bb\t\t<\/a>\n\n\t\t\t\t<\/div>\n\t\t\t\t<\/article>\n\t\t\t\t<article class=\"elementor-post elementor-grid-item post-498 post type-post status-publish format-standard has-post-thumbnail hentry category-juegos\">\n\t\t\t\t<a class=\"elementor-post__thumbnail__link\" href=\"https:\/\/tecnodigitalymas.com\/index.php\/2024\/05\/06\/que-son-los-desequilibrios-hormonales\/\" >\n\t\t\t<div class=\"elementor-post__thumbnail\"><img loading=\"lazy\" decoding=\"async\" width=\"300\" height=\"200\" src=\"https:\/\/tecnodigitalymas.com\/wp-content\/uploads\/2024\/05\/depression-4395124_1280-300x200.jpg\" class=\"attachment-medium size-medium wp-image-614\" alt=\"\" srcset=\"https:\/\/tecnodigitalymas.com\/wp-content\/uploads\/2024\/05\/depression-4395124_1280-300x200.jpg 300w, https:\/\/tecnodigitalymas.com\/wp-content\/uploads\/2024\/05\/depression-4395124_1280-1024x682.jpg 1024w, https:\/\/tecnodigitalymas.com\/wp-content\/uploads\/2024\/05\/depression-4395124_1280-768x512.jpg 768w, https:\/\/tecnodigitalymas.com\/wp-content\/uploads\/2024\/05\/depression-4395124_1280.jpg 1280w\" sizes=\"(max-width: 300px) 100vw, 300px\" \/><\/div>\n\t\t<\/a>\n\t\t\t\t<div class=\"elementor-post__text\">\n\t\t\t\t<h3 class=\"elementor-post__title\">\n\t\t\t<a href=\"https:\/\/tecnodigitalymas.com\/index.php\/2024\/05\/06\/que-son-los-desequilibrios-hormonales\/\" >\n\t\t\t\tQue son los desequilibrios hormonales\t\t\t<\/a>\n\t\t<\/h3>\n\t\t\t\t<div class=\"elementor-post__meta-data\">\n\t\t\t\t\t<span class=\"elementor-post-date\">\n\t\t\t6 de May de 2024\t\t<\/span>\n\t\t\t\t<span class=\"elementor-post-avatar\">\n\t\t\tNo Comments\t\t<\/span>\n\t\t\t\t<\/div>\n\t\t\t\t<div class=\"elementor-post__excerpt\">\n\t\t\t<p>Las enfermedades que m\u00e1s afectan los niveles de az\u00facar en la sangre<\/p>\n\t\t<\/div>\n\t\t\n\t\t<a class=\"elementor-post__read-more\" href=\"https:\/\/tecnodigitalymas.com\/index.php\/2024\/05\/06\/que-son-los-desequilibrios-hormonales\/\" aria-label=\"Read more about Que son los desequilibrios hormonales\" >\n\t\t\tRead More \u00bb\t\t<\/a>\n\n\t\t\t\t<\/div>\n\t\t\t\t<\/article>\n\t\t\t\t<article class=\"elementor-post elementor-grid-item post-569 post type-post status-publish format-standard has-post-thumbnail hentry category-dispositivos category-juegos\">\n\t\t\t\t<a class=\"elementor-post__thumbnail__link\" href=\"https:\/\/tecnodigitalymas.com\/index.php\/2024\/05\/06\/como-disenar-tu-propia-casa\/\" >\n\t\t\t<div class=\"elementor-post__thumbnail\"><img loading=\"lazy\" decoding=\"async\" width=\"300\" height=\"184\" src=\"https:\/\/tecnodigitalymas.com\/wp-content\/uploads\/2024\/05\/cottage-2955582_1280-1-300x184.jpg\" class=\"attachment-medium size-medium wp-image-611\" alt=\"\" srcset=\"https:\/\/tecnodigitalymas.com\/wp-content\/uploads\/2024\/05\/cottage-2955582_1280-1-300x184.jpg 300w, https:\/\/tecnodigitalymas.com\/wp-content\/uploads\/2024\/05\/cottage-2955582_1280-1-1024x630.jpg 1024w, https:\/\/tecnodigitalymas.com\/wp-content\/uploads\/2024\/05\/cottage-2955582_1280-1-768x472.jpg 768w, https:\/\/tecnodigitalymas.com\/wp-content\/uploads\/2024\/05\/cottage-2955582_1280-1.jpg 1280w\" sizes=\"(max-width: 300px) 100vw, 300px\" \/><\/div>\n\t\t<\/a>\n\t\t\t\t<div class=\"elementor-post__text\">\n\t\t\t\t<h3 class=\"elementor-post__title\">\n\t\t\t<a href=\"https:\/\/tecnodigitalymas.com\/index.php\/2024\/05\/06\/como-disenar-tu-propia-casa\/\" >\n\t\t\t\tComo dise\u00f1ar tu propia casa\t\t\t<\/a>\n\t\t<\/h3>\n\t\t\t\t<div class=\"elementor-post__meta-data\">\n\t\t\t\t\t<span class=\"elementor-post-date\">\n\t\t\t6 de May de 2024\t\t<\/span>\n\t\t\t\t<span class=\"elementor-post-avatar\">\n\t\t\tNo Comments\t\t<\/span>\n\t\t\t\t<\/div>\n\t\t\t\t<div class=\"elementor-post__excerpt\">\n\t\t\t<p>Dise\u00f1ar tu propia casa puede ser un proyecto emocionante y gratificante. Aqu\u00ed<\/p>\n\t\t<\/div>\n\t\t\n\t\t<a class=\"elementor-post__read-more\" href=\"https:\/\/tecnodigitalymas.com\/index.php\/2024\/05\/06\/como-disenar-tu-propia-casa\/\" aria-label=\"Read more about Como dise\u00f1ar tu propia casa\" >\n\t\t\tRead More \u00bb\t\t<\/a>\n\n\t\t\t\t<\/div>\n\t\t\t\t<\/article>\n\t\t\t\t<article class=\"elementor-post elementor-grid-item post-571 post type-post status-publish format-standard has-post-thumbnail hentry category-diseno category-juegos\">\n\t\t\t\t<a class=\"elementor-post__thumbnail__link\" href=\"https:\/\/tecnodigitalymas.com\/index.php\/2024\/05\/06\/como-hacer-un-plano-para-una-casa\/\" >\n\t\t\t<div class=\"elementor-post__thumbnail\"><img loading=\"lazy\" decoding=\"async\" width=\"300\" height=\"169\" src=\"https:\/\/tecnodigitalymas.com\/wp-content\/uploads\/2024\/05\/house-1477041_1280-300x169.jpg\" class=\"attachment-medium size-medium wp-image-603\" alt=\"\" srcset=\"https:\/\/tecnodigitalymas.com\/wp-content\/uploads\/2024\/05\/house-1477041_1280-300x169.jpg 300w, https:\/\/tecnodigitalymas.com\/wp-content\/uploads\/2024\/05\/house-1477041_1280-1024x576.jpg 1024w, https:\/\/tecnodigitalymas.com\/wp-content\/uploads\/2024\/05\/house-1477041_1280-768x432.jpg 768w, https:\/\/tecnodigitalymas.com\/wp-content\/uploads\/2024\/05\/house-1477041_1280.jpg 1280w\" sizes=\"(max-width: 300px) 100vw, 300px\" \/><\/div>\n\t\t<\/a>\n\t\t\t\t<div class=\"elementor-post__text\">\n\t\t\t\t<h3 class=\"elementor-post__title\">\n\t\t\t<a href=\"https:\/\/tecnodigitalymas.com\/index.php\/2024\/05\/06\/como-hacer-un-plano-para-una-casa\/\" >\n\t\t\t\tComo hacer un plano para una casa\t\t\t<\/a>\n\t\t<\/h3>\n\t\t\t\t<div class=\"elementor-post__meta-data\">\n\t\t\t\t\t<span class=\"elementor-post-date\">\n\t\t\t6 de May de 2024\t\t<\/span>\n\t\t\t\t<span class=\"elementor-post-avatar\">\n\t\t\tNo Comments\t\t<\/span>\n\t\t\t\t<\/div>\n\t\t\t\t<div class=\"elementor-post__excerpt\">\n\t\t\t<p>Crear un plano para una casa es un proceso detallado que implica<\/p>\n\t\t<\/div>\n\t\t\n\t\t<a class=\"elementor-post__read-more\" href=\"https:\/\/tecnodigitalymas.com\/index.php\/2024\/05\/06\/como-hacer-un-plano-para-una-casa\/\" aria-label=\"Read more about Como hacer un plano para una casa\" >\n\t\t\tRead More \u00bb\t\t<\/a>\n\n\t\t\t\t<\/div>\n\t\t\t\t<\/article>\n\t\t\t\t<article class=\"elementor-post elementor-grid-item post-573 post type-post status-publish format-standard has-post-thumbnail hentry category-juegos\">\n\t\t\t\t<a class=\"elementor-post__thumbnail__link\" href=\"https:\/\/tecnodigitalymas.com\/index.php\/2024\/05\/06\/como-hacer-un-plano-de-una-casa-con-una-persona-discapacitada\/\" >\n\t\t\t<div class=\"elementor-post__thumbnail\"><img loading=\"lazy\" decoding=\"async\" width=\"300\" height=\"180\" src=\"https:\/\/tecnodigitalymas.com\/wp-content\/uploads\/2024\/05\/living-room-1835923_1280-2-300x180.jpg\" class=\"attachment-medium size-medium wp-image-608\" alt=\"\" srcset=\"https:\/\/tecnodigitalymas.com\/wp-content\/uploads\/2024\/05\/living-room-1835923_1280-2-300x180.jpg 300w, https:\/\/tecnodigitalymas.com\/wp-content\/uploads\/2024\/05\/living-room-1835923_1280-2-1024x614.jpg 1024w, https:\/\/tecnodigitalymas.com\/wp-content\/uploads\/2024\/05\/living-room-1835923_1280-2-768x461.jpg 768w, https:\/\/tecnodigitalymas.com\/wp-content\/uploads\/2024\/05\/living-room-1835923_1280-2.jpg 1280w\" sizes=\"(max-width: 300px) 100vw, 300px\" \/><\/div>\n\t\t<\/a>\n\t\t\t\t<div class=\"elementor-post__text\">\n\t\t\t\t<h3 class=\"elementor-post__title\">\n\t\t\t<a href=\"https:\/\/tecnodigitalymas.com\/index.php\/2024\/05\/06\/como-hacer-un-plano-de-una-casa-con-una-persona-discapacitada\/\" >\n\t\t\t\tComo hacer un plano de una casa con una persona discapacitada\t\t\t<\/a>\n\t\t<\/h3>\n\t\t\t\t<div class=\"elementor-post__meta-data\">\n\t\t\t\t\t<span class=\"elementor-post-date\">\n\t\t\t6 de May de 2024\t\t<\/span>\n\t\t\t\t<span class=\"elementor-post-avatar\">\n\t\t\tNo Comments\t\t<\/span>\n\t\t\t\t<\/div>\n\t\t\t\t<div class=\"elementor-post__excerpt\">\n\t\t\t<p>Dise\u00f1ar un plano de una casa para una persona discapacitada requiere consideraciones<\/p>\n\t\t<\/div>\n\t\t\n\t\t<a class=\"elementor-post__read-more\" href=\"https:\/\/tecnodigitalymas.com\/index.php\/2024\/05\/06\/como-hacer-un-plano-de-una-casa-con-una-persona-discapacitada\/\" aria-label=\"Read more about Como hacer un plano de una casa con una persona discapacitada\" >\n\t\t\tRead More \u00bb\t\t<\/a>\n\n\t\t\t\t<\/div>\n\t\t\t\t<\/article>\n\t\t\t\t<\/div>\n\t\t\n\t\t\t\t<\/div>\n\t\t\t\t<\/div>\n\t\t\t\t\t<\/div>\n\t\t<\/div>\n\t\t\t\t\t\t\t<\/div>\n\t\t<\/section>\n\t\t\t\t\t\t\t<\/div>\n\t\t","protected":false},"excerpt":{"rendered":"<p>\u00a1Bienvenido\/a a nuestra p\u00e1gina web de tecnolog\u00eda digital! Aqu\u00ed encontrar\u00e1s las \u00faltimas <a class=\"entry-read-more\" href=\"https:\/\/tecnodigitalymas.com\/index.php\/2024\/05\/06\/como-hacer-un-plano-de-una-casa-con-una-persona-discapacitada\/\">Read more<\/a><\/p>\n","protected":false},"author":1,"featured_media":0,"parent":0,"menu_order":0,"comment_status":"closed","ping_status":"closed","template":"","meta":{"_mi_skip_tracking":false,"_monsterinsights_sitenote_active":false,"_monsterinsights_sitenote_note":"","_monsterinsights_sitenote_category":0,"footnotes":""},"aioseo_notices":[],"_links":{"self":[{"href":"https:\/\/tecnodigitalymas.com\/index.php\/wp-json\/wp\/v2\/pages\/239"}],"collection":[{"href":"https:\/\/tecnodigitalymas.com\/index.php\/wp-json\/wp\/v2\/pages"}],"about":[{"href":"https:\/\/tecnodigitalymas.com\/index.php\/wp-json\/wp\/v2\/types\/page"}],"author":[{"embeddable":true,"href":"https:\/\/tecnodigitalymas.com\/index.php\/wp-json\/wp\/v2\/users\/1"}],"replies":[{"embeddable":true,"href":"https:\/\/tecnodigitalymas.com\/index.php\/wp-json\/wp\/v2\/comments?post=239"}],"version-history":[{"count":5,"href":"https:\/\/tecnodigitalymas.com\/index.php\/wp-json\/wp\/v2\/pages\/239\/revisions"}],"predecessor-version":[{"id":253,"href":"https:\/\/tecnodigitalymas.com\/index.php\/wp-json\/wp\/v2\/pages\/239\/revisions\/253"}],"wp:attachment":[{"href":"https:\/\/tecnodigitalymas.com\/index.php\/wp-json\/wp\/v2\/media?parent=239"}],"curies":[{"name":"wp","href":"https:\/\/api.w.org\/{rel}","templated":true}]}}